{"id":2213,"date":"2024-06-07T17:33:59","date_gmt":"2024-06-07T15:33:59","guid":{"rendered":"https:\/\/vivao.de\/?page_id=2213"},"modified":"2024-06-07T17:33:59","modified_gmt":"2024-06-07T15:33:59","slug":"press","status":"publish","type":"page","link":"https:\/\/vivao.de\/en\/press\/","title":{"rendered":"Press"},"content":{"rendered":"<div class=\"wpb-content-wrapper\"><p><\/p><h1 class=\"grve-element grve-title grve-align-inherit grve-h2\"><span>Presse<\/span><\/h1>[\/vc_column][\/vc_row][\/vc_section][vc_row][vc_column]<div data-display-style=\"pagination\" data-spinner=\"no\" data-columns-large-screen=\"3\" data-columns=\"3\" data-columns-tablet-landscape=\"2\" data-columns-tablet-portrait=\"2\" data-columns-mobile=\"1\" data-layout=\"fitRows\" data-gutter-size=\"40\" data-animation=\"none\" data-items-height=\"equal\" class=\"grve-element grve-blog grve-blog-columns grve-blog-grid grve-isotope grve-with-gap\" id=\"el-1693909295053-dd6337a8-3018\">\n\t<div class=\"grve-isotope-container\">\n\t\t<div class=\"grve-grid-sizer\"><\/div>\n\n\t<article class=\"post-2276 post type-post status-publish format-standard hentry category-presse-en grve-entry-item grve-blog-item\" itemscope itemtype=\"http:\/\/schema.org\/BlogPosting\">\n\t\t<div class=\"grve-isotope-item-inner grve-default-size\">\n\t\t\t<div class=\"grve-post-item grve-style-1 grve-format-standard\">\n\t<div class=\"grve-post-item-inner\">\n\t\t<div class=\"grve-post-top\">\n\t\t\t\t\t\t\t\t\t<div class=\"grve-post-content\">\n\t\t\t\t\t\t\t\t<div class=\"grve-post-date grve-small-text\"><span>\t\t\t<time datetime=\"2025-07-17T09:50:12+02:00\">\n\t\t\t\t17. July 2025\t\t\t<\/time>\n\t\t\t<\/span><\/div>\n\t\t\t\t\t\t\t\t<a href=\"https:\/\/vivao.de\/en\/vivao-vermietet-rund-2-000-m%c2%b2-bueroflaeche-in-hamburger-toplage\/\" rel=\"bookmark\"><h3 class=\"grve-post-title grve-h3\" itemprop=\"headline\"><span>VIVAO vermie\u00adtet rund 2.000 m\u00b2 B\u00fcro\u00adfl\u00e4\u00adche in Hambur\u00adger Toplage.<\/span><\/h3><\/a>\t\t\t\t<div class=\"grve-post-exerpt\" itemprop=\"articleBody\">\n\t\t\t\t\t<p>Mitten in der Hambur\u00adger Altstadt, direkt am Niko\u00adlaifleet, hat der Asset- und Invest\u00adment\u00adma\u00adna\u00adger VIVAO 2.080&nbsp;m\u00b2 B\u00fcro\u00adfl\u00e4\u00adche im B\u00fcro\u00adge\u00adb\u00e4ude \u201eCremon 3\u201c erfolg\u00adreich neu vermie\u00adtet. \n<\/p><a class=\"grve-read-more grve-link-text\" href=\"https:\/\/vivao.de\/en\/vivao-vermietet-rund-2-000-m%c2%b2-bueroflaeche-in-hamburger-toplage\/\"><span>Read more<\/span>\t\t\t\t<svg width=\"40px\" height=\"16px\" viewBox=\"0 0 40 16\">\n\t\t\t\t\t<polygon class=\"grve-arrow-line\" points=\"0 7 38 7 38 9 0 9\" \/>\n\t\t\t\t\t<polygon class=\"grve-arrow-point\" points=\"31.3481912 0 40 8 31.3481912 16 30 14.5816219 37.1 8 30 1.41837809\" \/>\n\t\t\t\t<\/svg>\n\t\t\t<\/a>\t\t\t\t<\/div>\n\t\t\t<\/div>\n\t\t<\/div>\n\t\t\t<\/div>\n\t\t\t<span class=\"grve-hidden\">\n\t\t\t<span class=\"grve-structured-data\" itemprop=\"image\" itemscope itemtype=\"http:\/\/schema.org\/ImageObject\">\n\t\t\t   <span itemprop=\"url\">https:\/\/vivao.de\/wp-content\/themes\/impeka\/images\/empty\/thumbnail.jpg<\/span>\n\t\t\t   <span itemprop=\"height\">150<\/span>\n\t\t\t   <span itemprop=\"width\">150<\/span>\n\t\t\t<\/span>\n\t\t\t\t\t\t<span class=\"grve-structured-data\" itemprop=\"author\" itemscope itemtype=\"http:\/\/schema.org\/Person\">\n\t\t\t\t<span itemprop=\"name\">freiland-wp-vivao<\/span>\n\t\t\t<\/span>\n\t\t\t<span class=\"grve-structured-data\" itemprop=\"publisher\" itemscope itemtype=\"http:\/\/schema.org\/Organization\">\n\t\t\t\t<span itemprop=\"name\">freiland-wp-vivao<\/span>\n\t\t\t\t<span itemprop=\"logo\" itemscope itemtype=\"http:\/\/schema.org\/ImageObject\">\n\t\t\t\t\t<span itemprop=\"url\">https:\/\/secure.gravatar.com\/avatar\/e9d52d6149c0c0b2c19280f32036c804aace3cbdd12083fe4744a3e22879797a?s=96&amp;d=mm&amp;r=g<\/span>\n\t\t\t\t<\/span>\n\t\t\t<\/span>\n\t\t\t\t\t\t<time class=\"grve-structured-data\" itemprop=\"datePublished\" datetime=\"2025-07-17T09:50:12+02:00\">17. July 2025<\/time>\n\t\t\t<time class=\"grve-structured-data\" itemprop=\"dateModified\" datetime=\"2025-07-17T09:55:28+02:00\">17. July 2025<\/time>\n\t\t\t<span class=\"grve-structured-data\" itemprop=\"mainEntityOfPage\" itemscope itemtype=\"http:\/\/schema.org\/WebPage\" itemid=\"https:\/\/vivao.de\/en\/vivao-vermietet-rund-2-000-m%c2%b2-bueroflaeche-in-hamburger-toplage\/\"><\/span>\n\t\t<\/span>\n\t<\/div>\n\t\t<\/div>\n\t<\/article>\n\t\n\t<article class=\"post-2265 post type-post status-publish format-standard hentry category-presse-en grve-entry-item grve-blog-item\" itemscope itemtype=\"http:\/\/schema.org\/BlogPosting\">\n\t\t<div class=\"grve-isotope-item-inner grve-default-size\">\n\t\t\t<div class=\"grve-post-item grve-style-1 grve-format-standard\">\n\t<div class=\"grve-post-item-inner\">\n\t\t<div class=\"grve-post-top\">\n\t\t\t\t\t\t\t\t\t<div class=\"grve-post-content\">\n\t\t\t\t\t\t\t\t<div class=\"grve-post-date grve-small-text\"><span>\t\t\t<time datetime=\"2025-07-07T08:50:03+02:00\">\n\t\t\t\t7. July 2025\t\t\t<\/time>\n\t\t\t<\/span><\/div>\n\t\t\t\t\t\t\t\t<a href=\"https:\/\/vivao.de\/en\/vivao-launches-operational-business-activities-and-takes-on-another-asset-management-mandate-3\/\" rel=\"bookmark\"><h3 class=\"grve-post-title grve-h3\" itemprop=\"headline\"><span>Milian M\u00e4nnle verst\u00e4rkt seit dem 1. Juli 2025 die Gesch\u00e4ftsf\u00fchrung der  VIVAO Investment- und Assetmanagement GmbH<\/span><\/h3><\/a>\t\t\t\t<div class=\"grve-post-exerpt\" itemprop=\"articleBody\">\n\t\t\t\t\t<p>Seit dem 1. Juli 2025 ist Milian M\u00e4nnle Mitglied der Gesch\u00e4fts\u00adf\u00fch\u00adrung der VIVAO Inves\u00adt\u00ad\u00adment- und Asset\u00adma\u00adnage\u00adment GmbH. \n<\/p><a class=\"grve-read-more grve-link-text\" href=\"https:\/\/vivao.de\/en\/vivao-launches-operational-business-activities-and-takes-on-another-asset-management-mandate-3\/\"><span>Read more<\/span>\t\t\t\t<svg width=\"40px\" height=\"16px\" viewBox=\"0 0 40 16\">\n\t\t\t\t\t<polygon class=\"grve-arrow-line\" points=\"0 7 38 7 38 9 0 9\" \/>\n\t\t\t\t\t<polygon class=\"grve-arrow-point\" points=\"31.3481912 0 40 8 31.3481912 16 30 14.5816219 37.1 8 30 1.41837809\" \/>\n\t\t\t\t<\/svg>\n\t\t\t<\/a>\t\t\t\t<\/div>\n\t\t\t<\/div>\n\t\t<\/div>\n\t\t\t<\/div>\n\t\t\t<span class=\"grve-hidden\">\n\t\t\t<span class=\"grve-structured-data\" itemprop=\"image\" itemscope itemtype=\"http:\/\/schema.org\/ImageObject\">\n\t\t\t   <span itemprop=\"url\">https:\/\/vivao.de\/wp-content\/themes\/impeka\/images\/empty\/thumbnail.jpg<\/span>\n\t\t\t   <span itemprop=\"height\">150<\/span>\n\t\t\t   <span itemprop=\"width\">150<\/span>\n\t\t\t<\/span>\n\t\t\t\t\t\t<span class=\"grve-structured-data\" itemprop=\"author\" itemscope itemtype=\"http:\/\/schema.org\/Person\">\n\t\t\t\t<span itemprop=\"name\">freiland-wp-vivao<\/span>\n\t\t\t<\/span>\n\t\t\t<span class=\"grve-structured-data\" itemprop=\"publisher\" itemscope itemtype=\"http:\/\/schema.org\/Organization\">\n\t\t\t\t<span itemprop=\"name\">freiland-wp-vivao<\/span>\n\t\t\t\t<span itemprop=\"logo\" itemscope itemtype=\"http:\/\/schema.org\/ImageObject\">\n\t\t\t\t\t<span itemprop=\"url\">https:\/\/secure.gravatar.com\/avatar\/e9d52d6149c0c0b2c19280f32036c804aace3cbdd12083fe4744a3e22879797a?s=96&amp;d=mm&amp;r=g<\/span>\n\t\t\t\t<\/span>\n\t\t\t<\/span>\n\t\t\t\t\t\t<time class=\"grve-structured-data\" itemprop=\"datePublished\" datetime=\"2025-07-07T08:50:03+02:00\">7. July 2025<\/time>\n\t\t\t<time class=\"grve-structured-data\" itemprop=\"dateModified\" datetime=\"2025-07-07T08:52:44+02:00\">7. July 2025<\/time>\n\t\t\t<span class=\"grve-structured-data\" itemprop=\"mainEntityOfPage\" itemscope itemtype=\"http:\/\/schema.org\/WebPage\" itemid=\"https:\/\/vivao.de\/en\/vivao-launches-operational-business-activities-and-takes-on-another-asset-management-mandate-3\/\"><\/span>\n\t\t<\/span>\n\t<\/div>\n\t\t<\/div>\n\t<\/article>\n\t\n\t<article class=\"post-2146 post type-post status-publish format-standard hentry category-presse-en grve-entry-item grve-blog-item\" itemscope itemtype=\"http:\/\/schema.org\/BlogPosting\">\n\t\t<div class=\"grve-isotope-item-inner grve-default-size\">\n\t\t\t<div class=\"grve-post-item grve-style-1 grve-format-standard\">\n\t<div class=\"grve-post-item-inner\">\n\t\t<div class=\"grve-post-top\">\n\t\t\t\t\t\t\t\t\t<div class=\"grve-post-content\">\n\t\t\t\t\t\t\t\t<div class=\"grve-post-date grve-small-text\"><span>\t\t\t<time datetime=\"2024-01-18T08:00:40+01:00\">\n\t\t\t\t18. January 2024\t\t\t<\/time>\n\t\t\t<\/span><\/div>\n\t\t\t\t\t\t\t\t<a href=\"https:\/\/vivao.de\/en\/vivao-launches-operational-business-activities-and-takes-on-another-asset-management-mandate\/\" rel=\"bookmark\"><h3 class=\"grve-post-title grve-h3\" itemprop=\"headline\"><span>VIVAO launches operational business activities and takes on another asset management mandate<\/span><\/h3><\/a>\t\t\t\t<div class=\"grve-post-exerpt\" itemprop=\"articleBody\">\n\t\t\t\t\t<p>VIVAO Invest\u00adment and Asset\u00adma\u00adnage\u00adment GmbH has successfully commen\u00adced its opera\u00adtio\u00adnal business acti\u00advi\u00adties on 1 January 2024.\n<\/p><a class=\"grve-read-more grve-link-text\" href=\"https:\/\/vivao.de\/en\/vivao-launches-operational-business-activities-and-takes-on-another-asset-management-mandate\/\"><span>Read more<\/span>\t\t\t\t<svg width=\"40px\" height=\"16px\" viewBox=\"0 0 40 16\">\n\t\t\t\t\t<polygon class=\"grve-arrow-line\" points=\"0 7 38 7 38 9 0 9\" \/>\n\t\t\t\t\t<polygon class=\"grve-arrow-point\" points=\"31.3481912 0 40 8 31.3481912 16 30 14.5816219 37.1 8 30 1.41837809\" \/>\n\t\t\t\t<\/svg>\n\t\t\t<\/a>\t\t\t\t<\/div>\n\t\t\t<\/div>\n\t\t<\/div>\n\t\t\t<\/div>\n\t\t\t<span class=\"grve-hidden\">\n\t\t\t<span class=\"grve-structured-data\" itemprop=\"image\" itemscope itemtype=\"http:\/\/schema.org\/ImageObject\">\n\t\t\t   <span itemprop=\"url\">https:\/\/vivao.de\/wp-content\/themes\/impeka\/images\/empty\/thumbnail.jpg<\/span>\n\t\t\t   <span itemprop=\"height\">150<\/span>\n\t\t\t   <span itemprop=\"width\">150<\/span>\n\t\t\t<\/span>\n\t\t\t\t\t\t<span class=\"grve-structured-data\" itemprop=\"author\" itemscope itemtype=\"http:\/\/schema.org\/Person\">\n\t\t\t\t<span itemprop=\"name\">freiland-wp-vivao<\/span>\n\t\t\t<\/span>\n\t\t\t<span class=\"grve-structured-data\" itemprop=\"publisher\" itemscope itemtype=\"http:\/\/schema.org\/Organization\">\n\t\t\t\t<span itemprop=\"name\">freiland-wp-vivao<\/span>\n\t\t\t\t<span itemprop=\"logo\" itemscope itemtype=\"http:\/\/schema.org\/ImageObject\">\n\t\t\t\t\t<span itemprop=\"url\">https:\/\/secure.gravatar.com\/avatar\/e9d52d6149c0c0b2c19280f32036c804aace3cbdd12083fe4744a3e22879797a?s=96&amp;d=mm&amp;r=g<\/span>\n\t\t\t\t<\/span>\n\t\t\t<\/span>\n\t\t\t\t\t\t<time class=\"grve-structured-data\" itemprop=\"datePublished\" datetime=\"2024-01-18T08:00:40+01:00\">18. January 2024<\/time>\n\t\t\t<time class=\"grve-structured-data\" itemprop=\"dateModified\" datetime=\"2024-01-18T08:47:35+01:00\">18. January 2024<\/time>\n\t\t\t<span class=\"grve-structured-data\" itemprop=\"mainEntityOfPage\" itemscope itemtype=\"http:\/\/schema.org\/WebPage\" itemid=\"https:\/\/vivao.de\/en\/vivao-launches-operational-business-activities-and-takes-on-another-asset-management-mandate\/\"><\/span>\n\t\t<\/span>\n\t<\/div>\n\t\t<\/div>\n\t<\/article>\n\t\n\t<article class=\"post-2104 post type-post status-publish format-standard hentry category-presse-en grve-entry-item grve-blog-item\" itemscope itemtype=\"http:\/\/schema.org\/BlogPosting\">\n\t\t<div class=\"grve-isotope-item-inner grve-default-size\">\n\t\t\t<div class=\"grve-post-item grve-style-1 grve-format-standard\">\n\t<div class=\"grve-post-item-inner\">\n\t\t<div class=\"grve-post-top\">\n\t\t\t\t\t\t\t\t\t<div class=\"grve-post-content\">\n\t\t\t\t\t\t\t\t<div class=\"grve-post-date grve-small-text\"><span>\t\t\t<time datetime=\"2023-10-02T08:20:02+02:00\">\n\t\t\t\t2. October 2023\t\t\t<\/time>\n\t\t\t<\/span><\/div>\n\t\t\t\t\t\t\t\t<a href=\"https:\/\/vivao.de\/en\/quest-and-competo-combine-their-asset-management-activities-and-found-vivao\/\" rel=\"bookmark\"><h3 class=\"grve-post-title grve-h3\" itemprop=\"headline\"><span>QUEST and Competo combine their asset management activities and found VIVAO<\/span><\/h3><\/a>\t\t\t\t<div class=\"grve-post-exerpt\" itemprop=\"articleBody\">\n\t\t\t\t\t<p>Joining forces for the future: QUEST Invest\u00adment Partners and Competo Capital Partners have founded VIVAO Invest\u00adment und Asset Manage\u00adment GmbH.\n<\/p><a class=\"grve-read-more grve-link-text\" href=\"https:\/\/vivao.de\/en\/quest-and-competo-combine-their-asset-management-activities-and-found-vivao\/\"><span>Read more<\/span>\t\t\t\t<svg width=\"40px\" height=\"16px\" viewBox=\"0 0 40 16\">\n\t\t\t\t\t<polygon class=\"grve-arrow-line\" points=\"0 7 38 7 38 9 0 9\" \/>\n\t\t\t\t\t<polygon class=\"grve-arrow-point\" points=\"31.3481912 0 40 8 31.3481912 16 30 14.5816219 37.1 8 30 1.41837809\" \/>\n\t\t\t\t<\/svg>\n\t\t\t<\/a>\t\t\t\t<\/div>\n\t\t\t<\/div>\n\t\t<\/div>\n\t\t\t<\/div>\n\t\t\t<span class=\"grve-hidden\">\n\t\t\t<span class=\"grve-structured-data\" itemprop=\"image\" itemscope itemtype=\"http:\/\/schema.org\/ImageObject\">\n\t\t\t   <span itemprop=\"url\">https:\/\/vivao.de\/wp-content\/themes\/impeka\/images\/empty\/thumbnail.jpg<\/span>\n\t\t\t   <span itemprop=\"height\">150<\/span>\n\t\t\t   <span itemprop=\"width\">150<\/span>\n\t\t\t<\/span>\n\t\t\t\t\t\t<span class=\"grve-structured-data\" itemprop=\"author\" itemscope itemtype=\"http:\/\/schema.org\/Person\">\n\t\t\t\t<span itemprop=\"name\">freiland-wp-vivao<\/span>\n\t\t\t<\/span>\n\t\t\t<span class=\"grve-structured-data\" itemprop=\"publisher\" itemscope itemtype=\"http:\/\/schema.org\/Organization\">\n\t\t\t\t<span itemprop=\"name\">freiland-wp-vivao<\/span>\n\t\t\t\t<span itemprop=\"logo\" itemscope itemtype=\"http:\/\/schema.org\/ImageObject\">\n\t\t\t\t\t<span itemprop=\"url\">https:\/\/secure.gravatar.com\/avatar\/e9d52d6149c0c0b2c19280f32036c804aace3cbdd12083fe4744a3e22879797a?s=96&amp;d=mm&amp;r=g<\/span>\n\t\t\t\t<\/span>\n\t\t\t<\/span>\n\t\t\t\t\t\t<time class=\"grve-structured-data\" itemprop=\"datePublished\" datetime=\"2023-10-02T08:20:02+02:00\">2. October 2023<\/time>\n\t\t\t<time class=\"grve-structured-data\" itemprop=\"dateModified\" datetime=\"2024-01-17T18:52:40+01:00\">17. January 2024<\/time>\n\t\t\t<span class=\"grve-structured-data\" itemprop=\"mainEntityOfPage\" itemscope itemtype=\"http:\/\/schema.org\/WebPage\" itemid=\"https:\/\/vivao.de\/en\/quest-and-competo-combine-their-asset-management-activities-and-found-vivao\/\"><\/span>\n\t\t<\/span>\n\t<\/div>\n\t\t<\/div>\n\t<\/article>\n\t\t<\/div>\n<\/div>\n[\/vc_column][\/vc_row]\n<\/div>","protected":false},"excerpt":{"rendered":"","protected":false},"author":1,"featured_media":0,"parent":0,"menu_order":0,"comment_status":"closed","ping_status":"closed","template":"","meta":{"wp_typography_post_enhancements_disabled":false,"footnotes":""},"class_list":["post-2213","page","type-page","status-publish","hentry","grve-entry-item"],"yoast_head":"<!-- This site is optimized with the Yoast SEO plugin v26.7 - https:\/\/yoast.com\/wordpress\/plugins\/seo\/ -->\n<title>Press - VIVAO<\/title>\n<meta name=\"robots\" content=\"index, follow, max-snippet:-1, max-image-preview:large, max-video-preview:-1\" \/>\n<link rel=\"canonical\" href=\"https:\/\/vivao.de\/en\/press\/\" \/>\n<meta property=\"og:locale\" content=\"en_US\" \/>\n<meta property=\"og:type\" content=\"article\" \/>\n<meta property=\"og:title\" content=\"Press - VIVAO\" \/>\n<meta property=\"og:url\" content=\"https:\/\/vivao.de\/en\/press\/\" \/>\n<meta property=\"og:site_name\" content=\"VIVAO\" \/>\n<meta name=\"twitter:card\" content=\"summary_large_image\" \/>\n<meta name=\"twitter:label1\" content=\"Est. reading time\" \/>\n\t<meta name=\"twitter:data1\" content=\"1 minute\" \/>\n<script type=\"application\/ld+json\" class=\"yoast-schema-graph\">{\"@context\":\"https:\/\/schema.org\",\"@graph\":[{\"@type\":\"WebPage\",\"@id\":\"https:\/\/vivao.de\/en\/press\/\",\"url\":\"https:\/\/vivao.de\/en\/press\/\",\"name\":\"Press - VIVAO\",\"isPartOf\":{\"@id\":\"https:\/\/vivao.de\/#website\"},\"datePublished\":\"2024-06-07T15:33:59+00:00\",\"breadcrumb\":{\"@id\":\"https:\/\/vivao.de\/en\/press\/#breadcrumb\"},\"inLanguage\":\"en-US\",\"potentialAction\":[{\"@type\":\"ReadAction\",\"target\":[\"https:\/\/vivao.de\/en\/press\/\"]}]},{\"@type\":\"BreadcrumbList\",\"@id\":\"https:\/\/vivao.de\/en\/press\/#breadcrumb\",\"itemListElement\":[{\"@type\":\"ListItem\",\"position\":1,\"name\":\"Startseite\",\"item\":\"https:\/\/vivao.de\/en\/\"},{\"@type\":\"ListItem\",\"position\":2,\"name\":\"Press\"}]},{\"@type\":\"WebSite\",\"@id\":\"https:\/\/vivao.de\/#website\",\"url\":\"https:\/\/vivao.de\/\",\"name\":\"VIVAO\",\"description\":\"Investment &amp; Assetmanagement GmbH\",\"publisher\":{\"@id\":\"https:\/\/vivao.de\/#organization\"},\"potentialAction\":[{\"@type\":\"SearchAction\",\"target\":{\"@type\":\"EntryPoint\",\"urlTemplate\":\"https:\/\/vivao.de\/?s={search_term_string}\"},\"query-input\":{\"@type\":\"PropertyValueSpecification\",\"valueRequired\":true,\"valueName\":\"search_term_string\"}}],\"inLanguage\":\"en-US\"},{\"@type\":\"Organization\",\"@id\":\"https:\/\/vivao.de\/#organization\",\"name\":\"VIVAO Inventment & Asset Mangement GmbH\",\"url\":\"https:\/\/vivao.de\/\",\"logo\":{\"@type\":\"ImageObject\",\"inLanguage\":\"en-US\",\"@id\":\"https:\/\/vivao.de\/#\/schema\/logo\/image\/\",\"url\":\"https:\/\/vivao.de\/wp-content\/uploads\/2023\/04\/vivao-logo-light.png\",\"contentUrl\":\"https:\/\/vivao.de\/wp-content\/uploads\/2023\/04\/vivao-logo-light.png\",\"width\":2813,\"height\":1729,\"caption\":\"VIVAO Inventment & Asset Mangement GmbH\"},\"image\":{\"@id\":\"https:\/\/vivao.de\/#\/schema\/logo\/image\/\"}}]}<\/script>\n<!-- \/ Yoast SEO plugin. -->","yoast_head_json":{"title":"Press - VIVAO","robots":{"index":"index","follow":"follow","max-snippet":"max-snippet:-1","max-image-preview":"max-image-preview:large","max-video-preview":"max-video-preview:-1"},"canonical":"https:\/\/vivao.de\/en\/press\/","og_locale":"en_US","og_type":"article","og_title":"Press - VIVAO","og_url":"https:\/\/vivao.de\/en\/press\/","og_site_name":"VIVAO","twitter_card":"summary_large_image","twitter_misc":{"Est. reading time":"1 minute"},"schema":{"@context":"https:\/\/schema.org","@graph":[{"@type":"WebPage","@id":"https:\/\/vivao.de\/en\/press\/","url":"https:\/\/vivao.de\/en\/press\/","name":"Press - VIVAO","isPartOf":{"@id":"https:\/\/vivao.de\/#website"},"datePublished":"2024-06-07T15:33:59+00:00","breadcrumb":{"@id":"https:\/\/vivao.de\/en\/press\/#breadcrumb"},"inLanguage":"en-US","potentialAction":[{"@type":"ReadAction","target":["https:\/\/vivao.de\/en\/press\/"]}]},{"@type":"BreadcrumbList","@id":"https:\/\/vivao.de\/en\/press\/#breadcrumb","itemListElement":[{"@type":"ListItem","position":1,"name":"Startseite","item":"https:\/\/vivao.de\/en\/"},{"@type":"ListItem","position":2,"name":"Press"}]},{"@type":"WebSite","@id":"https:\/\/vivao.de\/#website","url":"https:\/\/vivao.de\/","name":"VIVAO","description":"Investment &amp; Assetmanagement GmbH","publisher":{"@id":"https:\/\/vivao.de\/#organization"},"potentialAction":[{"@type":"SearchAction","target":{"@type":"EntryPoint","urlTemplate":"https:\/\/vivao.de\/?s={search_term_string}"},"query-input":{"@type":"PropertyValueSpecification","valueRequired":true,"valueName":"search_term_string"}}],"inLanguage":"en-US"},{"@type":"Organization","@id":"https:\/\/vivao.de\/#organization","name":"VIVAO Inventment & Asset Mangement GmbH","url":"https:\/\/vivao.de\/","logo":{"@type":"ImageObject","inLanguage":"en-US","@id":"https:\/\/vivao.de\/#\/schema\/logo\/image\/","url":"https:\/\/vivao.de\/wp-content\/uploads\/2023\/04\/vivao-logo-light.png","contentUrl":"https:\/\/vivao.de\/wp-content\/uploads\/2023\/04\/vivao-logo-light.png","width":2813,"height":1729,"caption":"VIVAO Inventment & Asset Mangement GmbH"},"image":{"@id":"https:\/\/vivao.de\/#\/schema\/logo\/image\/"}}]}},"_links":{"self":[{"href":"https:\/\/vivao.de\/en\/wp-json\/wp\/v2\/pages\/2213","targetHints":{"allow":["GET"]}}],"collection":[{"href":"https:\/\/vivao.de\/en\/wp-json\/wp\/v2\/pages"}],"about":[{"href":"https:\/\/vivao.de\/en\/wp-json\/wp\/v2\/types\/page"}],"author":[{"embeddable":true,"href":"https:\/\/vivao.de\/en\/wp-json\/wp\/v2\/users\/1"}],"replies":[{"embeddable":true,"href":"https:\/\/vivao.de\/en\/wp-json\/wp\/v2\/comments?post=2213"}],"version-history":[{"count":1,"href":"https:\/\/vivao.de\/en\/wp-json\/wp\/v2\/pages\/2213\/revisions"}],"predecessor-version":[{"id":2214,"href":"https:\/\/vivao.de\/en\/wp-json\/wp\/v2\/pages\/2213\/revisions\/2214"}],"wp:attachment":[{"href":"https:\/\/vivao.de\/en\/wp-json\/wp\/v2\/media?parent=2213"}],"curies":[{"name":"wp","href":"https:\/\/api.w.org\/{rel}","templated":true}]}}